{"id":352,"date":"2023-11-28T15:23:52","date_gmt":"2023-11-28T14:23:52","guid":{"rendered":"https:\/\/eprohrbau.inovedia.de\/?page_id=352"},"modified":"2023-11-28T15:23:52","modified_gmt":"2023-11-28T14:23:52","slug":"impressum","status":"publish","type":"page","link":"https:\/\/eprohrbau.inovedia.de\/index.php\/impressum\/","title":{"rendered":"Impressum"},"content":{"rendered":"\n<p><\/p>\n\n\n\n<p>EP Rohrbau GmbH<\/p>\n\n\n\n<p>Gesch\u00e4ftsf\u00fchrer:<br>[Name des Gesch\u00e4ftsf\u00fchrers]<br>[Adresse des Gesch\u00e4ftsf\u00fchrers]<br>[Telefonnummer des Gesch\u00e4ftsf\u00fchrers]<br>[E-Mail-Adresse des Gesch\u00e4ftsf\u00fchrers]<\/p>\n\n\n\n<p>Kontakt:<br>EP Rohrbau GmbH<br>[Adresse des Unternehmens]<br>[Telefonnummer des Unternehmens]<br>[E-Mail-Adresse des Unternehmens]<\/p>\n\n\n\n<p>Handelsregister:<br>Amtsgericht [Ort], HRB [Registernummer]<\/p>\n\n\n\n<p>Umsatzsteuer-Identifikationsnummer:<br>DE [Umsatzsteuer-Identifikationsnummer]<\/p>\n\n\n\n<p>Urheberrecht:<br>\u00a9 2023, Inovedia. Alle Rechte vorbehalten. Jegliche Nutzung der Texte, Bilder und anderer Inhalte dieser Website ist ohne schriftliche Genehmigung der Inovedia untersagt.<\/p>\n","protected":false},"excerpt":{"rendered":"<p>EP Rohrbau GmbH Gesch\u00e4ftsf\u00fchrer:[Name des Gesch\u00e4ftsf\u00fchrers][Adresse des Gesch\u00e4ftsf\u00fchrers][Telefonnummer des Gesch\u00e4ftsf\u00fchrers][E-Mail-Adresse des Gesch\u00e4ftsf\u00fchrers] Kontakt:EP Rohrbau GmbH[Adresse des Unternehmens][Telefonnummer des Unternehmens][E-Mail-Adresse des Unternehmens] Handelsregister:Amtsgericht [Ort], HRB [Registernummer] Umsatzsteuer-Identifikationsnummer:DE [Umsatzsteuer-Identifikationsnummer] Urheberrecht:\u00a9 2023, Inovedia. Alle Rechte vorbehalten. Jegliche Nutzung der Texte, Bilder und anderer Inhalte dieser Website ist ohne schriftliche Genehmigung der Inovedia untersagt.<\/p>\n","protected":false},"author":2,"featured_media":0,"parent":0,"menu_order":0,"comment_status":"closed","ping_status":"closed","template":"","meta":{"footnotes":""},"_links":{"self":[{"href":"https:\/\/eprohrbau.inovedia.de\/index.php\/wp-json\/wp\/v2\/pages\/352"}],"collection":[{"href":"https:\/\/eprohrbau.inovedia.de\/index.php\/wp-json\/wp\/v2\/pages"}],"about":[{"href":"https:\/\/eprohrbau.inovedia.de\/index.php\/wp-json\/wp\/v2\/types\/page"}],"author":[{"embeddable":true,"href":"https:\/\/eprohrbau.inovedia.de\/index.php\/wp-json\/wp\/v2\/users\/2"}],"replies":[{"embeddable":true,"href":"https:\/\/eprohrbau.inovedia.de\/index.php\/wp-json\/wp\/v2\/comments?post=352"}],"version-history":[{"count":1,"href":"https:\/\/eprohrbau.inovedia.de\/index.php\/wp-json\/wp\/v2\/pages\/352\/revisions"}],"predecessor-version":[{"id":353,"href":"https:\/\/eprohrbau.inovedia.de\/index.php\/wp-json\/wp\/v2\/pages\/352\/revisions\/353"}],"wp:attachment":[{"href":"https:\/\/eprohrbau.inovedia.de\/index.php\/wp-json\/wp\/v2\/media?parent=352"}],"curies":[{"name":"wp","href":"https:\/\/api.w.org\/{rel}","templated":true}]}}